{"id":507,"date":"2019-11-08T10:22:32","date_gmt":"2019-11-08T09:22:32","guid":{"rendered":"http:\/\/www.chaletresin.com\/kontacte\/"},"modified":"2019-11-08T10:26:29","modified_gmt":"2019-11-08T09:26:29","slug":"kontacte","status":"publish","type":"page","link":"https:\/\/www.chaletresin.com\/de\/kontacte\/","title":{"rendered":"Kontacte"},"content":{"rendered":"<div class=\"wpb-content-wrapper\"><p>[vc_row dfd_row_config=&#8220;full_width_content&#8220; css=&#8220;.vc_custom_1570898970957{padding-top: 200px !important;padding-bottom: 200px !important;background-image: url(http:\/\/www.chaletresin.com\/wp-content\/uploads\/2019\/10\/bg-contatti.jpg?id=233) !important;background-position: center !important;background-repeat: no-repeat !important;background-size: cover !important;}&#8220;][vc_column][\/vc_column][\/vc_row][vc_row css=&#8220;.vc_custom_1570899046092{padding-top: 80px !important;padding-bottom: 80px !important;background: #7d7462 url(http:\/\/www.chaletresin.com\/wp-content\/uploads\/2019\/10\/montagna.png?id=108) !important;background-position: center !important;background-repeat: no-repeat !important;background-size: cover !important;}&#8220;][vc_column width=&#8220;1\/2&#8243;]<div class=\"dfd-heading-shortcode\"><div class=\"dfd-heading-module-wrap  text-left style_01 dfd-heading-69f39d5388daa dfd-disable-resposive-headings\" id=\"dfd-heading-69f39d5388daa\" ><div class=\"inline-block\"><div class=\"dfd-heading-module\"><h1 class=\"widget-title dfd-title \" style=\"color: #ffffff !important; \">Chalet Res\u00ecn Livigno<\/h1><\/div><\/div><\/div><script type=\"text\/javascript\">\r\n\t\t\t\t\t\t\t\t\t(function($) {\r\n\t\t\t\t\t\t\t\t\t\t$(\"head\").append(\"<style>.dfd-heading-69f39d5388daa.dfd-heading-module-wrap .dfd-heading-module .dfd-heading-delimiter {margin-top:10px;margin-bottom:10px;}@media only screen and (max-width: 799px) {.dfd-heading-69f39d5388daa {text-align: center;}}<\/style>\");\r\n\t\t\t\t\t\t\t\t\t})(jQuery);\r\n\t\t\t\t\t\t\t\t<\/script><\/div><div class=\"dfd-spacer-module\"  data-units=\"px\" data-wide_resolution=\"1280\" data-wide_size=\"20\" data-normal_resolution=\"1024\" data-normal_size=\"20\" data-tablet_resolution=\"800\" data-tablet_size=\"20\" data-mobile_resolution=\"480\" data-mobile_size=\"20\" style=\"height: 20px;\"><\/div>[vc_column_text]<\/p>\n<p style=\"color: #ffffff; font-size: 25px; text-align: left; line-height: 120%;\">Das Apartment des Chalet Resin befindet sich im Inneren eines k\u00fcrzlich renovierten Geb\u00e4udes in einem Ortsteil von Livigno, der besonders f\u00fcr seine N\u00e4he zum Zentrum, den Skiliften und Gesch\u00e4ftengesch\u00e4tzt wird.<\/p>\n<p>[\/vc_column_text]<div class=\"dfd-spacer-module\"  data-units=\"px\" data-wide_resolution=\"1280\" data-wide_size=\"40\" data-normal_resolution=\"1024\" data-normal_size=\"40\" data-tablet_resolution=\"800\" data-tablet_size=\"30\" data-mobile_resolution=\"480\" data-mobile_size=\"30\" style=\"height: 40px;\"><\/div><div class=\"dfd-heading-shortcode\"><div class=\"dfd-heading-module-wrap  text-left style_01 dfd-heading-69f39d5389024 dfd-disable-resposive-headings\" id=\"dfd-heading-69f39d5389024\" ><div class=\"inline-block\"><div class=\"dfd-heading-module\"><h3 class=\"widget-title dfd-title \" style=\"color: #ffffff !important; \">Verf\u00fcgbarkeit<\/h3><\/div><\/div><\/div><script type=\"text\/javascript\">\r\n\t\t\t\t\t\t\t\t\t(function($) {\r\n\t\t\t\t\t\t\t\t\t\t$(\"head\").append(\"<style>.dfd-heading-69f39d5389024.dfd-heading-module-wrap .dfd-heading-module .dfd-heading-delimiter {margin-top:10px;margin-bottom:10px;}@media only screen and (max-width: 799px) {.dfd-heading-69f39d5389024 {text-align: center;}}<\/style>\");\r\n\t\t\t\t\t\t\t\t\t})(jQuery);\r\n\t\t\t\t\t\t\t\t<\/script><\/div><div class=\"dfd-spacer-module\"  data-units=\"px\" data-wide_resolution=\"1280\" data-wide_size=\"10\" data-normal_resolution=\"1024\" data-normal_size=\"10\" data-tablet_resolution=\"800\" data-tablet_size=\"10\" data-mobile_resolution=\"480\" data-mobile_size=\"10\" style=\"height: 10px;\"><\/div>[vc_column_text]<\/p>\n<p style=\"color: #ffffff; font-size: 25px; text-align: left; line-height: 120%;\">Fragen Sie die Verf\u00fcgbarkeit an. Nehmen Sie direkt mit uns Kontakt auf oder f\u00fcllen Sie das folgende Anfrageformular aus, wir werden Ihnen unser bestes Angebot zusenden!<\/p>\n<p>[\/vc_column_text]<div class=\"dfd-spacer-module\"  data-units=\"px\" data-wide_resolution=\"1280\" data-wide_size=\"40\" data-normal_resolution=\"1024\" data-normal_size=\"40\" data-tablet_resolution=\"800\" data-tablet_size=\"40\" data-mobile_resolution=\"480\" data-mobile_size=\"40\" style=\"height: 40px;\"><\/div><div id=\"dfd-icon-list-69f39d5389292-1645\" class=\"dfd-icon-list-wrap  style-1  \" ><ul class=\"dfd-icon-list\"><li class=\"\"><div class=\"dfd-list-content clearfix \" style=\"padding-bottom:20px;\"><div class=\"dfd-list-icon-block text-center\" style=\"margin-right:30px;color:#948b62; font-size:35px; \"><i class = \"dfd-icon-marker_location_1 dfd_icon_set-icon-marker_location_1\"><\/i><\/div><div class=\"dfd-list-content-block content\">Via Domenion 135, 23041, Livigno<\/div><\/div><\/li><li class=\"\"><div class=\"dfd-list-content clearfix \" style=\"padding-bottom:20px;\"><div class=\"dfd-list-icon-block text-center\" style=\"margin-right:30px;color:#948b62; font-size:35px; \"><i class = \"dfd-icon-phone dfd_icon_set-icon-phone\"><\/i><\/div><div class=\"dfd-list-content-block content\"><a href=\"tel:00393387183113\">(+39) 338 7183113<\/a><\/div><\/div><\/li><li class=\"\"><div class=\"dfd-list-content clearfix \" style=\"padding-bottom:20px;\"><div class=\"dfd-list-icon-block text-center\" style=\"margin-right:30px;color:#948b62; font-size:35px; \"><i class = \"dfd-icon-email_1 dfd_icon_set-icon-email_1\"><\/i><\/div><div class=\"dfd-list-content-block content\"><a href=\"mailto:info@chaletresin.com\">info@chaletresin.com<\/a><\/div><\/div><\/li><li class=\"\"><div class=\"dfd-list-content clearfix \" style=\"padding-bottom:20px;\"><div class=\"dfd-list-icon-block text-center\" style=\"margin-right:30px;color:#948b62; font-size:35px; \"><i class = \"dfd-icon-hand_globe dfd_icon_set-icon-hand_globe\"><\/i><\/div><div class=\"dfd-list-content-block content\">www.chaletresin.com<\/div><\/div><\/li><\/ul><\/div><script type=\"text\/javascript\">(function($) {$(\"head\").append(\"<style>#dfd-icon-list-69f39d5389292-1645 .dfd-icon-list .content {style=&quot;font-family:Raleway; font-weight:400; font-style:normal; font-size: 25px; color: #ffffff !important; &quot;}<\/style>\");})(jQuery);<\/script><div class=\"dfd-spacer-module\"  data-units=\"px\" data-wide_resolution=\"1280\" data-wide_size=\"30\" data-normal_resolution=\"1024\" data-normal_size=\"30\" data-tablet_resolution=\"800\" data-tablet_size=\"30\" data-mobile_resolution=\"480\" data-mobile_size=\"30\" style=\"height: 30px;\"><\/div><div id=\"dfd-soc-icon-69f39d53899ae-175\" class=\"dfd-new-soc-icon text-left style-7   \" ><div class=\"soc-icon-container clearfix\"><a href=\"https:\/\/www.facebook.com\/chalet.resin\/\"  target=\"_blank\"  class=\"soc_icon-facebook\"><i class=\"soc_icon-facebook\"><\/i><\/a><a href=\"https:\/\/g.page\/Chalet-Resin-Livigno?share\"  target=\"_blank\"  class=\"soc_icon-google__x2B_\"><i class=\"soc_icon-google__x2B_\"><\/i><\/a><\/div><\/div><script type=\"text\/javascript\">\r\n\t\t\t\t\t\t\t(function($) {\r\n\t\t\t\t\t\t\t\t$(\"head\").append(\"<style><\/style>\");\r\n\t\t\t\t\t\t\t})(jQuery);\r\n\t\t\t\t\t\t<\/script><div class=\"dfd-spacer-module\"  data-units=\"px\" data-wide_resolution=\"1280\" data-wide_size=\"0\" data-normal_resolution=\"1024\" data-normal_size=\"0\" data-tablet_resolution=\"800\" data-tablet_size=\"30\" data-mobile_resolution=\"480\" data-mobile_size=\"30\" style=\"height: 0px;\"><\/div>[\/vc_column][vc_column width=&#8220;1\/2&#8243;]\n<div class=\"wpcf7 no-js\" id=\"wpcf7-f527-o1\" lang=\"de-DE\" dir=\"ltr\" data-wpcf7-id=\"527\">\n<div class=\"screen-reader-response\"><p role=\"status\" aria-live=\"polite\" aria-atomic=\"true\"><\/p> <ul><\/ul><\/div>\n<form action=\"\/de\/wp-json\/wp\/v2\/pages\/507#wpcf7-f527-o1\" method=\"post\" class=\"wpcf7-form init cf7-style cf7-style-542\" aria-label=\"Kontaktformular\" novalidate=\"novalidate\" data-status=\"init\">\n<fieldset class=\"hidden-fields-container\"><input type=\"hidden\" name=\"_wpcf7\" value=\"527\" \/><input type=\"hidden\" name=\"_wpcf7_version\" value=\"6.1.5\" \/><input type=\"hidden\" name=\"_wpcf7_locale\" value=\"de_DE\" \/><input type=\"hidden\" name=\"_wpcf7_unit_tag\" value=\"wpcf7-f527-o1\" \/><input type=\"hidden\" name=\"_wpcf7_container_post\" value=\"0\" \/><input type=\"hidden\" name=\"_wpcf7_posted_data_hash\" value=\"\" \/><input type=\"hidden\" name=\"_wpcf7_recaptcha_response\" value=\"\" \/>\n<\/fieldset>\n<div id=\"responsive-form\" class=\"clearfix\">\n\t<div class=\"form-row\">\n\t\t<div class=\"column-half\">\n\t\t\t<p>Vorname <span class=\"wpcf7-form-control-wrap\" data-name=\"first-name\"><input size=\"40\" maxlength=\"400\" class=\"wpcf7-form-control wpcf7-text wpcf7-validates-as-required\" aria-required=\"true\" aria-invalid=\"false\" value=\"\" type=\"text\" name=\"first-name\" \/><\/span>\n\t\t\t<\/p>\n\t\t<\/div>\n\t\t<div class=\"column-half\">\n\t\t\t<p>Nachname <span class=\"wpcf7-form-control-wrap\" data-name=\"last-name\"><input size=\"40\" maxlength=\"400\" class=\"wpcf7-form-control wpcf7-text wpcf7-validates-as-required\" aria-required=\"true\" aria-invalid=\"false\" value=\"\" type=\"text\" name=\"last-name\" \/><\/span>\n\t\t\t<\/p>\n\t\t<\/div>\n\t<\/div>\n\t<div class=\"form-row\">\n\t\t<div class=\"column-half\">\n\t\t\t<p>E-mail <span class=\"wpcf7-form-control-wrap\" data-name=\"your-email\"><input size=\"40\" maxlength=\"400\" class=\"wpcf7-form-control wpcf7-email wpcf7-validates-as-required wpcf7-text wpcf7-validates-as-email\" aria-required=\"true\" aria-invalid=\"false\" value=\"\" type=\"email\" name=\"your-email\" \/><\/span>\n\t\t\t<\/p>\n\t\t<\/div>\n\t\t<div class=\"column-half\">\n\t\t\t<p>Telefon <span class=\"wpcf7-form-control-wrap\" data-name=\"your-phone\"><input size=\"40\" maxlength=\"400\" class=\"wpcf7-form-control wpcf7-text wpcf7-validates-as-required\" aria-required=\"true\" aria-invalid=\"false\" value=\"\" type=\"text\" name=\"your-phone\" \/><\/span>\n\t\t\t<\/p>\n\t\t<\/div>\n\t<\/div>\n\t<div class=\"form-row\">\n\t\t<div class=\"column-half\">\n\t\t\t<p>Anreise <span class=\"wpcf7-form-control-wrap\" data-name=\"arrivo\"><input class=\"wpcf7-form-control wpcf7-date wpcf7-validates-as-required wpcf7-validates-as-date\" aria-required=\"true\" aria-invalid=\"false\" value=\"\" type=\"date\" name=\"arrivo\" \/><\/span>\n\t\t\t<\/p>\n\t\t<\/div>\n\t\t<div class=\"column-half\">\n\t\t\t<p>Abreise <span class=\"wpcf7-form-control-wrap\" data-name=\"partenza\"><input class=\"wpcf7-form-control wpcf7-date wpcf7-validates-as-required wpcf7-validates-as-date\" aria-required=\"true\" aria-invalid=\"false\" value=\"\" type=\"date\" name=\"partenza\" \/><\/span>\n\t\t\t<\/p>\n\t\t<\/div>\n\t<\/div>\n\t<div class=\"form-row\">\n\t\t<div class=\"column-third\">\n\t\t\t<p>Erwachsene <span class=\"wpcf7-form-control-wrap\" data-name=\"adulti\"><input size=\"40\" maxlength=\"400\" class=\"wpcf7-form-control wpcf7-text wpcf7-validates-as-required\" aria-required=\"true\" aria-invalid=\"false\" value=\"\" type=\"text\" name=\"adulti\" \/><\/span>\n\t\t\t<\/p>\n\t\t<\/div>\n\t\t<div class=\"column-third\">\n\t\t\t<p>Kinder <span class=\"wpcf7-form-control-wrap\" data-name=\"bambini\"><input size=\"40\" maxlength=\"400\" class=\"wpcf7-form-control wpcf7-text\" aria-invalid=\"false\" value=\"\" type=\"text\" name=\"bambini\" \/><\/span>\n\t\t\t<\/p>\n\t\t<\/div>\n\t\t<div class=\"column-third\">\n\t\t\t<p>Alter Kinder <span class=\"wpcf7-form-control-wrap\" data-name=\"anni\"><input size=\"40\" maxlength=\"400\" class=\"wpcf7-form-control wpcf7-text\" aria-invalid=\"false\" value=\"\" type=\"text\" name=\"anni\" \/><\/span>\n\t\t\t<\/p>\n\t\t<\/div>\n\t<\/div>\n\t<div class=\"form-row\">\n\t\t<div class=\"column-full\">\n\t\t\t<p>Bemerkungen <span class=\"wpcf7-form-control-wrap\" data-name=\"your-message\"><textarea cols=\"40\" rows=\"10\" maxlength=\"2000\" class=\"wpcf7-form-control wpcf7-textarea\" aria-invalid=\"false\" name=\"your-message\"><\/textarea><\/span>\n\t\t\t<\/p>\n\t\t<\/div>\n\t<\/div>\n\t<div class=\"form-row\">\n\t\t<div class=\"column-full\">\n\t\t\t<p><span class=\"wpcf7-form-control-wrap\" data-name=\"your-consent\"><span class=\"wpcf7-form-control wpcf7-acceptance\"><span class=\"wpcf7-list-item\"><label><input type=\"checkbox\" name=\"your-consent\" value=\"1\" aria-invalid=\"false\" \/><span class=\"wpcf7-list-item-label\">Datenverarbeitung zustimmen- Ich bin mit der Verarbeitung meiner personenbezogenen Daten einverstanden<\/span><\/label><\/span><\/span><\/span>\n\t\t\t<\/p>\n\t\t<\/div>\n\t<\/div>\n\t<div class=\"form-row\">\n\t\t<div class=\"column-full\">\n\t\t\t<p><input class=\"wpcf7-form-control wpcf7-submit has-spinner\" type=\"submit\" value=\"Senden Sie die Anfrage\" \/>\n\t\t\t<\/p>\n\t\t<\/div>\n\t<\/div>\n<\/div><input type=\"hidden\" id=\"ct_checkjs_cf7_eae27d77ca20db309e056e3d2dcd7d69\" name=\"ct_checkjs_cf7\" value=\"0\" \/><script >setTimeout(function(){var ct_input_name = \"ct_checkjs_cf7_eae27d77ca20db309e056e3d2dcd7d69\";if (document.getElementById(ct_input_name) !== null) {var ct_input_value = document.getElementById(ct_input_name).value;document.getElementById(ct_input_name).value = document.getElementById(ct_input_name).value.replace(ct_input_value, 'ff165870479226a6d1aac531228ba0acab76842bfa4270ce8e299161ac0acd60');}}, 1000);<\/script><input\n                    class=\"apbct_special_field apbct_email_id__wp_contact_form_7\"\n                    name=\"apbct__email_id__wp_contact_form_7\"\n                    aria-label=\"apbct__label_id__wp_contact_form_7\"\n                    type=\"text\" size=\"30\" maxlength=\"200\" autocomplete=\"off\"\n                    value=\"\"\n                \/><div class=\"wpcf7-response-output\" aria-hidden=\"true\"><\/div>\n<\/form>\n<\/div>\n[\/vc_column][\/vc_row][vc_row dfd_row_config=&#8220;full_width_content&#8220;][vc_column]<div class=\"dfd-gmap-module map_69f39d538cd59 \" ><div id=\"map_69f39d538cd59\" class=\"map-holder\"><\/div>\r\n\t\t\t\t\t<script type=\"text\/javascript\">\r\n\t\t\t\t\t\t(function($) {\r\n\t\t\t\t\t\t\t$(document).ready(function () {\r\n\t\t\t\t\t\t\t\t$(\"#map_69f39d538cd59\").bind('gmap-reload', function() {\r\n\t\t\t\t\t\t\t\t\t\t gmap3_init();\r\n\t\t\t\t\t\t\t\t\t});\r\n\r\n\t\t\t\t\t\t\t\tgmap3_init();\r\n\r\n\t\t\t\t\t\t\t\tfunction gmap3_init() {\r\n\t\t\t\t\t\t\t\t\t$(\"#map_69f39d538cd59\").gmap3('destroy');\r\n\r\n\t\t\t\t\t\t\t\t\t$(\"#map_69f39d538cd59\").gmap3({\r\n\t\t\t\t\t\t\t\t\t\tmarker: {\r\n\t\t\t\t\t\t\t\t\t\t\tvalues: [{address: \" Via Domenion 135, 23041. Livigno (So)\" , data:\"Via Domenion 135, 23041. Livigno (So)\", options:{icon: \"https:\/\/www.chaletresin.com\/wp-content\/uploads\/2019\/10\/marker.png\"}}],\r\n\t\t\t\t\t\t\t\t\t\t\tevents:{\r\n\t\t\t\t\t\t\t\t\t\t\t\tclick: function(marker, event, context){\r\n\t\t\t\t\t\t\t\t\t\t\t\t\tvar map = jQuery(this).gmap3(\"get\"),\r\n\t\t\t\t\t\t\t\t\t\t\t\t\t\tinfowindow = $(this).gmap3({get:{name:\"infowindow\"}});\r\n\t\t\t\t\t\t\t\t\t\t\t\t\tif (infowindow){\r\n\t\t\t\t\t\t\t\t\t\t\t\t\t\tinfowindow.open(map, marker);\r\n\t\t\t\t\t\t\t\t\t\t\t\t\t\tinfowindow.setContent('<div class=\"noscroll\">'+context.data+'<\/div>');\r\n\t\t\t\t\t\t\t\t\t\t\t\t\t} else {\r\n\t\t\t\t\t\t\t\t\t\t\t\t\t\t$(this).gmap3({\r\n\t\t\t\t\t\t\t\t\t\t\t\t\t\t\tinfowindow:{\r\n\t\t\t\t\t\t\t\t\t\t\t\t\t\t\t\tanchor:marker,\r\n\t\t\t\t\t\t\t\t\t\t\t\t\t\t\t\toptions:{content: '<div class=\"noscroll\">'+context.data+'<\/div>'}\r\n\t\t\t\t\t\t\t\t\t\t\t\t\t\t\t}\r\n\t\t\t\t\t\t\t\t\t\t\t\t\t\t});\r\n\t\t\t\t\t\t\t\t\t\t\t\t\t}\r\n\t\t\t\t\t\t\t\t\t\t\t\t}\r\n\t\t\t\t\t\t\t\t\t\t\t}\r\n\t\t\t\t\t\t\t\t\t\t},\r\n\t\t\t\t\t\t\t\t\tmap: {\r\n\t\t\t\t\t\t\t\t\t\toptions: {\r\n\t\t\t\t\t\t\t\t\t\t\tzoom: 16,\r\n\t\t\t\t\t\t\t\t\t\t\tzoomControl: true,styles:[{'featureType':'landscape','stylers':[{'saturation':-100},{'lightness':65},{'visibility':'on'}]},{'featureType':'poi','stylers':[{'saturation':-100},{'lightness':51},{'visibility':'simplified'}]},{'featureType':'road.highway','stylers':[{'saturation':-100},{'visibility':'simplified'}]},{'featureType':'road.arterial','stylers':[{'saturation':-100},{'lightness':30},{'visibility':'on'}]},{'featureType':'road.local','stylers':[{'saturation':-100},{'lightness':40},{'visibility':'on'}]},{'featureType':'transit','stylers':[{'saturation':-100},{'visibility':'simplified'}]},{'featureType':'administrative.province','stylers':[{'visibility':'off'}]},{'featureType':'water','elementType':'labels','stylers':[{'visibility':'on'},{'lightness':-25},{'saturation':-100}]},{'featureType':'water','elementType':'geometry','stylers':[{'hue':'#ffff00'},{'lightness':-25},{'saturation':-97}]}],scrollwheel: false,\r\n\t\t\t\t\t\t\t\t\t\t\tstreetViewControl: false,\r\n\t\t\t\t\t\t\t\t\t\t\tmapTypeControl: false\r\n\t\t\t\t\t\t\t\t\t\t}\r\n\t\t\t\t\t\t\t\t\t}\r\n\t\t\t\t\t\t\t\t});\r\n\t\t\t\t\t\t\t}\r\n\t\t\t\t\t\t});$(\"head\").append(\"<style>#map_69f39d538cd59 {height: 500px;}<\/style>\");})(jQuery);\r\n\t\t\t\t<\/script><\/div>[\/vc_column][\/vc_row]<\/p>\n<\/div>","protected":false},"excerpt":{"rendered":"<p>[vc_row dfd_row_config=&#8220;full_width_content&#8220; css=&#8220;.vc_custom_1570898970957{padding-top: 200px !important;padding-bottom: 200px !important;background-image: url(http:\/\/www.chaletresin.com\/wp-content\/uploads\/2019\/10\/bg-contatti.jpg?id=233) !important;background-position: center !important;background-repeat: no-repeat !important;background-size: cover !important;}&#8220;][vc_column][\/vc_column][\/vc_row][vc_row css=&#8220;.vc_custom_1570899046092{padding-top: 80px !important;padding-bottom: 80px !important;background: #7d7462 url(http:\/\/www.chaletresin.com\/wp-content\/uploads\/2019\/10\/montagna.png?id=108) !important;background-position: center !important;background-repeat: no-repeat !important;background-size: cover !important;}&#8220;][vc_column width=&#8220;1\/2&#8243;][vc_column_text]<\/p>\n","protected":false},"author":1,"featured_media":0,"parent":0,"menu_order":0,"comment_status":"closed","ping_status":"closed","template":"page-custom.php","meta":{"footnotes":""},"class_list":["post-507","page","type-page","status-publish","hentry"],"yoast_head":"<!-- This site is optimized with the Yoast SEO plugin v27.2 - https:\/\/yoast.com\/product\/yoast-seo-wordpress\/ -->\n<title>Kontacte - Chalet Res\u00ecn<\/title>\n<meta name=\"description\" content=\"Die Wohnung zur Miete in Livigno ist eine gem\u00fctliche Vier-Zimmer-Wohnung im Erdgeschoss mit separatem Eingang und einer Fl\u00e4che von 62 Quadratmetern\" \/>\n<meta name=\"robots\" content=\"index, follow, max-snippet:-1, max-image-preview:large, max-video-preview:-1\" \/>\n<link rel=\"canonical\" href=\"https:\/\/www.chaletresin.com\/de\/kontacte\/\" \/>\n<meta property=\"og:locale\" content=\"de_DE\" \/>\n<meta property=\"og:type\" content=\"article\" \/>\n<meta property=\"og:title\" content=\"Kontacte - Chalet Res\u00ecn\" \/>\n<meta property=\"og:description\" content=\"Die Wohnung zur Miete in Livigno ist eine gem\u00fctliche Vier-Zimmer-Wohnung im Erdgeschoss mit separatem Eingang und einer Fl\u00e4che von 62 Quadratmetern\" \/>\n<meta property=\"og:url\" content=\"https:\/\/www.chaletresin.com\/de\/kontacte\/\" \/>\n<meta property=\"og:site_name\" content=\"Chalet Resin - appartamento a Livigno\" \/>\n<meta property=\"article:modified_time\" content=\"2019-11-08T09:26:29+00:00\" \/>\n<meta name=\"twitter:card\" content=\"summary_large_image\" \/>\n<meta name=\"twitter:label1\" content=\"Gesch\u00e4tzte Lesezeit\" \/>\n\t<meta name=\"twitter:data1\" content=\"3\u00a0Minuten\" \/>\n<script type=\"application\/ld+json\" class=\"yoast-schema-graph\">{\"@context\":\"https:\/\/schema.org\",\"@graph\":[{\"@type\":\"WebPage\",\"@id\":\"https:\/\/www.chaletresin.com\/de\/kontacte\/\",\"url\":\"https:\/\/www.chaletresin.com\/de\/kontacte\/\",\"name\":\"Kontacte - Chalet Res\u00ecn\",\"isPartOf\":{\"@id\":\"https:\/\/www.chaletresin.com\/de\/#website\"},\"datePublished\":\"2019-11-08T09:22:32+00:00\",\"dateModified\":\"2019-11-08T09:26:29+00:00\",\"description\":\"Die Wohnung zur Miete in Livigno ist eine gem\u00fctliche Vier-Zimmer-Wohnung im Erdgeschoss mit separatem Eingang und einer Fl\u00e4che von 62 Quadratmetern\",\"breadcrumb\":{\"@id\":\"https:\/\/www.chaletresin.com\/de\/kontacte\/#breadcrumb\"},\"inLanguage\":\"de\",\"potentialAction\":[{\"@type\":\"ReadAction\",\"target\":[\"https:\/\/www.chaletresin.com\/de\/kontacte\/\"]}]},{\"@type\":\"BreadcrumbList\",\"@id\":\"https:\/\/www.chaletresin.com\/de\/kontacte\/#breadcrumb\",\"itemListElement\":[{\"@type\":\"ListItem\",\"position\":1,\"name\":\"Home\",\"item\":\"https:\/\/www.chaletresin.com\/de\/\"},{\"@type\":\"ListItem\",\"position\":2,\"name\":\"Kontacte\"}]},{\"@type\":\"WebSite\",\"@id\":\"https:\/\/www.chaletresin.com\/de\/#website\",\"url\":\"https:\/\/www.chaletresin.com\/de\/\",\"name\":\"Chalet Resin - appartamento a Livigno\",\"description\":\"Un nuovo sito targato WordPress\",\"potentialAction\":[{\"@type\":\"SearchAction\",\"target\":{\"@type\":\"EntryPoint\",\"urlTemplate\":\"https:\/\/www.chaletresin.com\/de\/?s={search_term_string}\"},\"query-input\":{\"@type\":\"PropertyValueSpecification\",\"valueRequired\":true,\"valueName\":\"search_term_string\"}}],\"inLanguage\":\"de\"}]}<\/script>\n<!-- \/ Yoast SEO plugin. -->","yoast_head_json":{"title":"Kontacte - Chalet Res\u00ecn","description":"Die Wohnung zur Miete in Livigno ist eine gem\u00fctliche Vier-Zimmer-Wohnung im Erdgeschoss mit separatem Eingang und einer Fl\u00e4che von 62 Quadratmetern","robots":{"index":"index","follow":"follow","max-snippet":"max-snippet:-1","max-image-preview":"max-image-preview:large","max-video-preview":"max-video-preview:-1"},"canonical":"https:\/\/www.chaletresin.com\/de\/kontacte\/","og_locale":"de_DE","og_type":"article","og_title":"Kontacte - Chalet Res\u00ecn","og_description":"Die Wohnung zur Miete in Livigno ist eine gem\u00fctliche Vier-Zimmer-Wohnung im Erdgeschoss mit separatem Eingang und einer Fl\u00e4che von 62 Quadratmetern","og_url":"https:\/\/www.chaletresin.com\/de\/kontacte\/","og_site_name":"Chalet Resin - appartamento a Livigno","article_modified_time":"2019-11-08T09:26:29+00:00","twitter_card":"summary_large_image","twitter_misc":{"Gesch\u00e4tzte Lesezeit":"3\u00a0Minuten"},"schema":{"@context":"https:\/\/schema.org","@graph":[{"@type":"WebPage","@id":"https:\/\/www.chaletresin.com\/de\/kontacte\/","url":"https:\/\/www.chaletresin.com\/de\/kontacte\/","name":"Kontacte - Chalet Res\u00ecn","isPartOf":{"@id":"https:\/\/www.chaletresin.com\/de\/#website"},"datePublished":"2019-11-08T09:22:32+00:00","dateModified":"2019-11-08T09:26:29+00:00","description":"Die Wohnung zur Miete in Livigno ist eine gem\u00fctliche Vier-Zimmer-Wohnung im Erdgeschoss mit separatem Eingang und einer Fl\u00e4che von 62 Quadratmetern","breadcrumb":{"@id":"https:\/\/www.chaletresin.com\/de\/kontacte\/#breadcrumb"},"inLanguage":"de","potentialAction":[{"@type":"ReadAction","target":["https:\/\/www.chaletresin.com\/de\/kontacte\/"]}]},{"@type":"BreadcrumbList","@id":"https:\/\/www.chaletresin.com\/de\/kontacte\/#breadcrumb","itemListElement":[{"@type":"ListItem","position":1,"name":"Home","item":"https:\/\/www.chaletresin.com\/de\/"},{"@type":"ListItem","position":2,"name":"Kontacte"}]},{"@type":"WebSite","@id":"https:\/\/www.chaletresin.com\/de\/#website","url":"https:\/\/www.chaletresin.com\/de\/","name":"Chalet Resin - appartamento a Livigno","description":"Un nuovo sito targato WordPress","potentialAction":[{"@type":"SearchAction","target":{"@type":"EntryPoint","urlTemplate":"https:\/\/www.chaletresin.com\/de\/?s={search_term_string}"},"query-input":{"@type":"PropertyValueSpecification","valueRequired":true,"valueName":"search_term_string"}}],"inLanguage":"de"}]}},"_links":{"self":[{"href":"https:\/\/www.chaletresin.com\/de\/wp-json\/wp\/v2\/pages\/507","targetHints":{"allow":["GET"]}}],"collection":[{"href":"https:\/\/www.chaletresin.com\/de\/wp-json\/wp\/v2\/pages"}],"about":[{"href":"https:\/\/www.chaletresin.com\/de\/wp-json\/wp\/v2\/types\/page"}],"author":[{"embeddable":true,"href":"https:\/\/www.chaletresin.com\/de\/wp-json\/wp\/v2\/users\/1"}],"replies":[{"embeddable":true,"href":"https:\/\/www.chaletresin.com\/de\/wp-json\/wp\/v2\/comments?post=507"}],"version-history":[{"count":0,"href":"https:\/\/www.chaletresin.com\/de\/wp-json\/wp\/v2\/pages\/507\/revisions"}],"wp:attachment":[{"href":"https:\/\/www.chaletresin.com\/de\/wp-json\/wp\/v2\/media?parent=507"}],"curies":[{"name":"wp","href":"https:\/\/api.w.org\/{rel}","templated":true}]}}